{"id":61,"date":"2024-04-29T19:28:34","date_gmt":"2024-04-29T19:28:34","guid":{"rendered":"https:\/\/www.makipecassm.com.br\/?page_id=61"},"modified":"2025-10-27T18:20:07","modified_gmt":"2025-10-27T18:20:07","slug":"inicio","status":"publish","type":"page","link":"https:\/\/www.makipecassm.com.br\/","title":{"rendered":"Inicio"},"content":{"rendered":"[vc_row fullwidth=&#8221;true&#8221;][vc_column][vc_column_text][\/vc_column_text][\/vc_column][\/vc_row][vc_row fullwidth=&#8221;true&#8221; fullwidth_content=&#8221;false&#8221; css=&#8221;.vc_custom_1714423517893{padding-top: 50px !important;background-color: #ededed !important;}&#8221;][vc_column width=&#8221;1\/4&#8243;][mk_icon_box icon=&#8221;mk-moon-truck&#8221; title=&#8221;Entregas para todo o Brasil.&#8221; font_weight=&#8221;bold&#8221; style=&#8221;simple_ultimate&#8221; title_color=&#8221;#000000&#8243;][\/mk_icon_box][\/vc_column][vc_column width=&#8221;1\/4&#8243;][mk_icon_box icon=&#8221;mk-moon-tag-3&#8243; title=&#8221;Produtos com descontos incr\u00edveis.&#8221; font_weight=&#8221;bold&#8221; style=&#8221;simple_ultimate&#8221; title_color=&#8221;#000000&#8243;][\/mk_icon_box][\/vc_column][vc_column width=&#8221;1\/4&#8243;][mk_icon_box icon=&#8221;mk-moon-shield&#8221; title=&#8221;Compra segura e com garantia.&#8221; font_weight=&#8221;bold&#8221; style=&#8221;simple_ultimate&#8221; title_color=&#8221;#000000&#8243;][\/mk_icon_box][\/vc_column][vc_column width=&#8221;1\/4&#8243;][mk_icon_box icon=&#8221;mk-moon-box&#8221; title=&#8221;Retire seu produto em nossa loja.&#8221; font_weight=&#8221;bold&#8221; style=&#8221;simple_ultimate&#8221; title_color=&#8221;#000000&#8243;][\/mk_icon_box][\/vc_column][\/vc_row][vc_row bg_type=&#8221;bg_color&#8221; css=&#8221;.vc_custom_1760993507941{border-bottom-width: 100px !important;padding-top: 100px !important;}&#8221;][vc_column][mk_fancy_title color=&#8221;#f58634&#8243; size=&#8221;22&#8243; txt_transform=&#8221;uppercase&#8221; margin_bottom=&#8221;5&#8243; font_family=&#8221;none&#8221; align=&#8221;center&#8221;]TRABALHAMOS COM <strong>TODAS AS MARCAS<\/strong> DO MERCADO<br \/>\nDE MAQUINAS PESADAS.[\/mk_fancy_title]<div id=\"lvca-carousel-69df6f9769449\" class=\"lvca-carousel lvca-container\" data-settings='{\"arrows\":\"yes\",\"dots\":\"\",\"autoplay\":\"yes\",\"autoplay_speed\":\"3000\",\"animation_speed\":\"300\",\"pause_on_hover\":\"\",\"display_columns\":\"5\",\"scroll_columns\":\"1\",\"gutter\":1,\"tablet_display_columns\":\"2\",\"tablet_scroll_columns\":\"2\",\"tablet_gutter\":10,\"tablet_width\":\"800\",\"mobile_display_columns\":\"1\",\"mobile_scroll_columns\":\"1\",\"mobile_gutter\":10,\"mobile_width\":\"480\"}'><div class=\"lvca-carousel-item\"><img loading=\"lazy\" decoding=\"async\" class=\"alignnone size-full wp-image-390\" src=\"https:\/\/www.makipecassm.com.br\/wp-content\/uploads\/2025\/10\/terex.png\" alt=\"\" width=\"166\" height=\"113\" \/><\/div><!-- .lvca-carousel-item --><div class=\"lvca-carousel-item\"><img loading=\"lazy\" decoding=\"async\" class=\"alignnone wp-image-389 size-full\" src=\"https:\/\/www.makipecassm.com.br\/wp-content\/uploads\/2025\/10\/botcat.png\" alt=\"\" width=\"166\" height=\"113\" srcset=\"https:\/\/www.makipecassm.com.br\/wp-content\/uploads\/2025\/10\/botcat.png 166w, https:\/\/www.makipecassm.com.br\/wp-content\/uploads\/2025\/10\/botcat-600x408.png 600w\" sizes=\"auto, (max-width: 166px) 85vw, 166px\" \/><\/div><!-- .lvca-carousel-item --><div class=\"lvca-carousel-item\"><img loading=\"lazy\" decoding=\"async\" class=\"alignnone size-full wp-image-387\" src=\"https:\/\/www.makipecassm.com.br\/wp-content\/uploads\/2025\/10\/11.png\" alt=\"\" width=\"166\" height=\"113\" \/><\/div><!-- .lvca-carousel-item --><div class=\"lvca-carousel-item\"><img loading=\"lazy\" decoding=\"async\" class=\"alignnone wp-image-439 size-full\" src=\"https:\/\/www.makipecassm.com.br\/wp-content\/uploads\/2025\/10\/xcmg-logo-png_seeklogo-484579-e1761066797714.png\" alt=\"\" width=\"166\" height=\"133\" \/><\/div><!-- .lvca-carousel-item --><div class=\"lvca-carousel-item\"><img loading=\"lazy\" decoding=\"async\" class=\"alignnone size-full wp-image-386\" src=\"https:\/\/www.makipecassm.com.br\/wp-content\/uploads\/2025\/10\/10.png\" alt=\"\" width=\"166\" height=\"113\" \/><\/div><!-- .lvca-carousel-item --><div class=\"lvca-carousel-item\"><img loading=\"lazy\" decoding=\"async\" class=\"alignnone size-full wp-image-388\" src=\"https:\/\/www.makipecassm.com.br\/wp-content\/uploads\/2025\/10\/12.png\" alt=\"\" width=\"166\" height=\"113\" \/><\/div><!-- .lvca-carousel-item --><div class=\"lvca-carousel-item\"><img loading=\"lazy\" decoding=\"async\" class=\"alignnone size-full wp-image-385\" src=\"https:\/\/www.makipecassm.com.br\/wp-content\/uploads\/2025\/10\/9.png\" alt=\"\" width=\"166\" height=\"113\" \/><\/div><!-- .lvca-carousel-item --><div class=\"lvca-carousel-item\"><img loading=\"lazy\" decoding=\"async\" class=\"alignnone size-full wp-image-384\" src=\"https:\/\/www.makipecassm.com.br\/wp-content\/uploads\/2025\/10\/8.png\" alt=\"\" width=\"166\" height=\"113\" \/><\/div><!-- .lvca-carousel-item --><div class=\"lvca-carousel-item\"><img loading=\"lazy\" decoding=\"async\" class=\"alignnone size-full wp-image-383\" src=\"https:\/\/www.makipecassm.com.br\/wp-content\/uploads\/2025\/10\/7.png\" alt=\"\" width=\"166\" height=\"113\" \/><\/div><!-- .lvca-carousel-item --><div class=\"lvca-carousel-item\"><img loading=\"lazy\" decoding=\"async\" class=\"alignnone size-full wp-image-382\" src=\"https:\/\/www.makipecassm.com.br\/wp-content\/uploads\/2025\/10\/6.png\" alt=\"\" width=\"166\" height=\"113\" \/><\/div><!-- .lvca-carousel-item --><div class=\"lvca-carousel-item\"><img loading=\"lazy\" decoding=\"async\" class=\"alignnone size-full wp-image-380\" src=\"https:\/\/www.makipecassm.com.br\/wp-content\/uploads\/2025\/10\/4.png\" alt=\"\" width=\"166\" height=\"113\" \/><\/div><!-- .lvca-carousel-item --><div class=\"lvca-carousel-item\"><img loading=\"lazy\" decoding=\"async\" class=\"alignnone size-full wp-image-379\" src=\"https:\/\/www.makipecassm.com.br\/wp-content\/uploads\/2025\/10\/3.png\" alt=\"\" width=\"166\" height=\"113\" \/><\/div><!-- .lvca-carousel-item --><div class=\"lvca-carousel-item\"><img loading=\"lazy\" decoding=\"async\" class=\"alignnone size-full wp-image-378\" src=\"https:\/\/www.makipecassm.com.br\/wp-content\/uploads\/2025\/10\/2.png\" alt=\"\" width=\"166\" height=\"113\" \/><\/div><!-- .lvca-carousel-item --><div class=\"lvca-carousel-item\"><img loading=\"lazy\" decoding=\"async\" class=\"alignnone size-full wp-image-381\" src=\"https:\/\/www.makipecassm.com.br\/wp-content\/uploads\/2025\/10\/5.png\" alt=\"\" width=\"166\" height=\"113\" \/><\/div><!-- .lvca-carousel-item --><div class=\"lvca-carousel-item\"><img loading=\"lazy\" decoding=\"async\" class=\"alignnone size-full wp-image-377\" src=\"https:\/\/www.makipecassm.com.br\/wp-content\/uploads\/2025\/10\/1.png\" alt=\"\" width=\"166\" height=\"113\" \/><\/div><!-- .lvca-carousel-item --><\/div><!-- .lvca-carousel -->\n        <style type=\"text\/css\">\n            #lvca-carousel-69df6f9769449.lvca-carousel .lvca-carousel-item {\n                padding: 1px;\n            }\n\n            @media screen and (max-width: 800) {\n                #lvca-carousel-69df6f9769449.lvca-carousel .lvca-carousel-item {\n                    padding: 10px;\n                }\n            }\n\n            @media screen and (max-width: 480) {\n                #lvca-carousel-69df6f9769449.lvca-carousel .lvca-carousel-item {\n                    padding: 10px;\n                }\n            }\n        <\/style>\n\n        [\/vc_column][\/vc_row][vc_row css=&#8221;.vc_custom_1761577948540{padding-top: 50px !important;padding-bottom: 100px !important;}&#8221;][vc_column][mk_fancy_title color=&#8221;#f58634&#8243; size=&#8221;22&#8243; font_style=&#8221;normal&#8221; txt_transform=&#8221;uppercase&#8221; margin_bottom=&#8221;5&#8243; font_family=&#8221;none&#8221; align=&#8221;center&#8221;]PE\u00c7AS, REPAROS E ACESS\u00d3RIOS: <strong>TUDO EM UM S\u00d3 LUGAR.<\/strong>[\/mk_fancy_title][vc_row_inner attached=&#8221;true&#8221; is_fullwidth_content=&#8221;false&#8221;][vc_column_inner width=&#8221;1\/4&#8243;][mk_image src=&#8221;https:\/\/www.makipecassm.com.br\/wp-content\/uploads\/2025\/10\/1-1.png&#8221; image_size=&#8221;full&#8221; frame_style=&#8221;shadow_only&#8221; link=&#8221;https:\/\/www.makipecassm.com.br\/?page_id=65&#8243; title=&#8221;Ferramentas de Penetra\u00e7\u00e3o de Solo&#8221;][mk_image src=&#8221;https:\/\/www.makipecassm.com.br\/wp-content\/uploads\/2025\/10\/5-1.png&#8221; image_size=&#8221;full&#8221; frame_style=&#8221;shadow_only&#8221; link=&#8221;https:\/\/www.makipecassm.com.br\/?page_id=65&#8243; title=&#8221;Embuchamento, Buchas e Pinos de Articula\u00e7\u00e3o&#8221;][\/vc_column_inner][vc_column_inner width=&#8221;1\/4&#8243;][mk_image src=&#8221;https:\/\/www.makipecassm.com.br\/wp-content\/uploads\/2025\/10\/2-1.png&#8221; image_size=&#8221;full&#8221; frame_style=&#8221;shadow_only&#8221; link=&#8221;https:\/\/www.makipecassm.com.br\/?page_id=65&#8243; title=&#8221;Pe\u00e7as de Transmiss\u00e3o para Eixos Dianteiros e Traseiros&#8221;][mk_image src=&#8221;https:\/\/www.makipecassm.com.br\/wp-content\/uploads\/2025\/10\/6-1.png&#8221; image_size=&#8221;full&#8221; frame_style=&#8221;shadow_only&#8221; link=&#8221;https:\/\/www.makipecassm.com.br\/?page_id=65&#8243; title=&#8221;Reparos, Kits de Veda\u00e7\u00e3o e Retentores&#8221;][\/vc_column_inner][vc_column_inner width=&#8221;1\/4&#8243;][mk_image src=&#8221;https:\/\/www.makipecassm.com.br\/wp-content\/uploads\/2025\/10\/3-1.png&#8221; image_size=&#8221;full&#8221; frame_style=&#8221;shadow_only&#8221; link=&#8221;https:\/\/www.makipecassm.com.br\/?page_id=65&#8243; title=&#8221;Uma linha completa de filtros para maquinas pesadas&#8221;][mk_image src=&#8221;https:\/\/www.makipecassm.com.br\/wp-content\/uploads\/2025\/10\/7-1.png&#8221; image_size=&#8221;full&#8221; frame_style=&#8221;shadow_only&#8221; link=&#8221;https:\/\/www.makipecassm.com.br\/?page_id=65&#8243; title=&#8221;Joysticks, Alavancas e Controles de Opera\u00e7\u00e3o&#8221;][\/vc_column_inner][vc_column_inner width=&#8221;1\/4&#8243;][mk_image src=&#8221;https:\/\/www.makipecassm.com.br\/wp-content\/uploads\/2025\/10\/4-1.png&#8221; image_size=&#8221;full&#8221; frame_style=&#8221;shadow_only&#8221; link=&#8221;https:\/\/www.makipecassm.com.br\/?page_id=65&#8243; title=&#8221;\u00d3leos Hidr\u00e1ulicos e Lubrificantes&#8221;][mk_image src=&#8221;https:\/\/www.makipecassm.com.br\/wp-content\/uploads\/2025\/10\/8-1.png&#8221; image_size=&#8221;full&#8221; frame_style=&#8221;shadow_only&#8221; link=&#8221;https:\/\/www.makipecassm.com.br\/?page_id=65&#8243; title=&#8221;Bombas Hidr\u00e1ulicas e Sistemas de Press\u00e3o Hidr\u00e1ulica&#8221;][\/vc_column_inner][\/vc_row_inner][mk_padding_divider size=&#8221;20&#8243;][mk_button dimension=&#8221;flat&#8221; size=&#8221;large&#8221; icon=&#8221;mk-li-comments&#8221; url=&#8221;https:\/\/wa.me\/555596724499?text=%F0%9F%91%8B%20Ol%C3%A1!%20Seja%20muito%20bem-vindo(a)%20%C3%A0%20Maki%20Pe%C3%A7as!%20%F0%9F%9A%9C%0A%0AAqui%20voc%C3%AA%20encontra%20pe%C3%A7as%20e%20acess%C3%B3rios%20para%20escavadeiras%20e%20retroescavadeiras,%20com%20qualidade,%20agilidade%20e%20o%20melhor%20atendimento.%0A%F0%9F%92%AC%20Envie%20sua%20mensagem%20e%20nossa%20equipe%20vai%20te%20ajudar%20a%20encontrar%20exatamente%20o%20que%20voc%C3%AA%20precisa!&#8221; target=&#8221;_blank&#8221; align=&#8221;center&#8221;]Solicite sua cota\u00e7\u00e3o pelo whatsapp[\/mk_button][\/vc_column][\/vc_row][mk_page_section bg_image=&#8221;https:\/\/www.makipecassm.com.br\/wp-content\/uploads\/2025\/10\/RE2.png&#8221; bg_position=&#8221;center center&#8221; bg_stretch=&#8221;true&#8221; enable_3d=&#8221;true&#8221; video_mask=&#8221;true&#8221; video_color_mask=&#8221;#000000&#8243; video_opacity=&#8221;0.3&#8243; sidebar=&#8221;sidebar-1&#8243;][vc_column width=&#8221;1\/2&#8243;][mk_fancy_title color=&#8221;#ffffff&#8221; size=&#8221;25&#8243; font_style=&#8221;normal&#8221; txt_transform=&#8221;uppercase&#8221; margin_top=&#8221;80&#8243; font_family=&#8221;none&#8221;]Retire seu produto<br \/>\nem <strong>nossa loja.<\/strong>[\/mk_fancy_title][vc_column_text margin_bottom=&#8221;30&#8243;]<span style=\"color: #ffffff;\">Como estamos localizados em um<\/span><br \/>\n<span style=\"color: #ffffff;\">dos principais acessos de Santa Maria-RS<\/span><br \/>\n<span style=\"color: #ffffff;\">Oferecemos aos nossos clientes a retirada<\/span><br \/>\n<span style=\"color: #ffffff;\">das suas compras em nossa loja f\u00edsica.<\/span>[\/vc_column_text][mk_button dimension=&#8221;flat&#8221; size=&#8221;large&#8221; url=&#8221;https:\/\/www.makipecassm.com.br\/?page_id=70&#8243; bg_color=&#8221;#c36639&#8243; btn_hover_bg=&#8221;#955335&#8243; btn_hover_txt_color=&#8221;#ffffff&#8221;]Saiba como chegar[\/mk_button][mk_padding_divider][\/vc_column][vc_column width=&#8221;1\/2&#8243;][\/vc_column][\/mk_page_section][vc_row css=&#8221;.vc_custom_1761589174050{padding-top: 100px !important;padding-bottom: 100px !important;}&#8221;][vc_column][mk_fancy_title color=&#8221;#f58634&#8243; size=&#8221;22&#8243; font_style=&#8221;normal&#8221; txt_transform=&#8221;uppercase&#8221; margin_bottom=&#8221;5&#8243; font_family=&#8221;none&#8221; align=&#8221;center&#8221;]INFORMA\u00c7\u00d5ES E NOVIDADES DO SETOR DE <strong>M\u00c1QUINAS PESADAS.<\/strong>[\/mk_fancy_title][mk_blog style=&#8221;grid&#8221; column=&#8221;4&#8243; grid_image_height=&#8221;150&#8243; count=&#8221;4&#8243; cat=&#8221;17&#8243; excerpt_length=&#8221;0&#8243;][\/vc_column][\/vc_row]\n","protected":false},"excerpt":{"rendered":"<p>[vc_row fullwidth=&#8221;true&#8221;][vc_column][vc_column_text][\/vc_column_text][\/vc_column][\/vc_row][vc_row fullwidth=&#8221;true&#8221; fullwidth_content=&#8221;false&#8221; css=&#8221;.vc_custom_1714423517893{padding-top: 50px !important;background-color: #ededed !important;}&#8221;][vc_column width=&#8221;1\/4&#8243;][mk_icon_box icon=&#8221;mk-moon-truck&#8221; title=&#8221;Entregas para todo o Brasil.&#8221; font_weight=&#8221;bold&#8221; style=&#8221;simple_ultimate&#8221; title_color=&#8221;#000000&#8243;][\/mk_icon_box][\/vc_column][vc_column width=&#8221;1\/4&#8243;][mk_icon_box icon=&#8221;mk-moon-tag-3&#8243; title=&#8221;Produtos com descontos incr\u00edveis.&#8221; font_weight=&#8221;bold&#8221; style=&#8221;simple_ultimate&#8221; title_color=&#8221;#000000&#8243;][\/mk_icon_box][\/vc_column][vc_column width=&#8221;1\/4&#8243;][mk_icon_box icon=&#8221;mk-moon-shield&#8221; title=&#8221;Compra segura e com garantia.&#8221; font_weight=&#8221;bold&#8221; style=&#8221;simple_ultimate&#8221; title_color=&#8221;#000000&#8243;][\/mk_icon_box][\/vc_column][vc_column width=&#8221;1\/4&#8243;][mk_icon_box icon=&#8221;mk-moon-box&#8221; title=&#8221;Retire seu produto em nossa loja.&#8221; font_weight=&#8221;bold&#8221; style=&#8221;simple_ultimate&#8221; title_color=&#8221;#000000&#8243;][\/mk_icon_box][\/vc_column][\/vc_row][vc_row bg_type=&#8221;bg_color&#8221; css=&#8221;.vc_custom_1760993507941{border-bottom-width: 100px !important;padding-top: 100px !important;}&#8221;][vc_column][mk_fancy_title [&hellip;]<\/p>\n","protected":false},"author":1,"featured_media":0,"parent":0,"menu_order":0,"comment_status":"closed","ping_status":"closed","template":"","meta":{"footnotes":""},"class_list":["post-61","page","type-page","status-publish","hentry"],"_links":{"self":[{"href":"https:\/\/www.makipecassm.com.br\/index.php?rest_route=\/wp\/v2\/pages\/61","targetHints":{"allow":["GET"]}}],"collection":[{"href":"https:\/\/www.makipecassm.com.br\/index.php?rest_route=\/wp\/v2\/pages"}],"about":[{"href":"https:\/\/www.makipecassm.com.br\/index.php?rest_route=\/wp\/v2\/types\/page"}],"author":[{"embeddable":true,"href":"https:\/\/www.makipecassm.com.br\/index.php?rest_route=\/wp\/v2\/users\/1"}],"replies":[{"embeddable":true,"href":"https:\/\/www.makipecassm.com.br\/index.php?rest_route=%2Fwp%2Fv2%2Fcomments&post=61"}],"version-history":[{"count":173,"href":"https:\/\/www.makipecassm.com.br\/index.php?rest_route=\/wp\/v2\/pages\/61\/revisions"}],"predecessor-version":[{"id":80,"href":"https:\/\/www.makipecassm.com.br\/index.php?rest_route=\/wp\/v2\/pages\/61\/revisions\/80"}],"wp:attachment":[{"href":"https:\/\/www.makipecassm.com.br\/index.php?rest_route=%2Fwp%2Fv2%2Fmedia&parent=61"}],"curies":[{"name":"wp","href":"https:\/\/api.w.org\/{rel}","templated":true}]}}