{"id":63,"date":"2024-04-29T19:29:01","date_gmt":"2024-04-29T19:29:01","guid":{"rendered":"https:\/\/www.makipecassm.com.br\/?page_id=63"},"modified":"2025-11-04T20:50:42","modified_gmt":"2025-11-04T20:50:42","slug":"empresa","status":"publish","type":"page","link":"https:\/\/www.makipecassm.com.br\/?page_id=63","title":{"rendered":"Empresa"},"content":{"rendered":"[vc_row][vc_column width=&#8221;2\/3&#8243;][mk_padding_divider][mk_fancy_title color=&#8221;#f58634&#8243; size=&#8221;22&#8243; txt_transform=&#8221;uppercase&#8221; margin_bottom=&#8221;5&#8243; font_family=&#8221;none&#8221;]MAKI PE\u00c7AS H\u00c1 <strong>40 ANOS<\/strong><br \/>\nSUA <strong>PARCERIA<\/strong> EM PE\u00c7AS PARA<br \/>\n<strong>MAQUINAS PESADAS.<\/strong>[\/mk_fancy_title][vc_column_text]\n<p style=\"text-align: justify;\">A empresa Maki Com. De Pe\u00e7as P\/ Ve\u00edculos Ltda foi fundada em 1986 por Mario Kienetz na BR 287, em Santa Maria &#8211; RS. Ap\u00f3s 24 anos, foi vendida para o atual dono Domingos J\u00fanior R\u00e9quia, que, junto com suas filhas Cr\u00edsnei e Suzielle, assumiram a empresa.<\/p>\n<p style=\"text-align: justify;\">Especializada em pe\u00e7as para m\u00e1quinas pesadas e percebendo as necessidades dos nossos clientes, expandimos nossas vendas para al\u00e9m das fronteiras de Santa Maria, para todo o Rio Grande do Sul.<\/p>\n<p style=\"text-align: justify;\">Hoje a empresa \u00e9 conhecida como &#8220;MAKI PE\u00c7AS&#8221; devido ao seu diferencial que \u00e9 a entrega correta do produto e tamb\u00e9m a presen\u00e7a de mulheres no atendimento.<\/p>\n<p style=\"text-align: justify;\">Atualmente, a empresa cresceu e mudou para um novo endere\u00e7o BR 392, n\u00ba 2420 em Santa Maria-RS, possuindo um escrit\u00f3rio maior, um estoque mais amplo e um estacionamento exclusivo, tudo para melhor atender seus clientes. A MAKI PE\u00c7AS sempre prioriza trabalhar com pe\u00e7as de qualidade e garantir a satisfa\u00e7\u00e3o dos clientes.<\/p>\n[\/vc_column_text][mk_padding_divider][\/vc_column][vc_column width=&#8221;1\/3&#8243;][mk_padding_divider size=&#8221;120&#8243;][mk_image src=&#8221;https:\/\/www.makipecassm.com.br\/wp-content\/uploads\/2024\/06\/heavy-excavator-digging-day-light-scaled.jpg&#8221; image_height=&#8221;900&#8243; frame_style=&#8221;border_shadow&#8221;][\/vc_column][\/vc_row][vc_row][vc_column width=&#8221;1\/3&#8243;][mk_padding_divider][mk_icon_box icon=&#8221;mk-li-tool&#8221; title=&#8221;Miss\u00e3o&#8221; font_weight=&#8221;bold&#8221; style=&#8221;simple_ultimate&#8221; icon_size=&#8221;medium&#8221; icon_location=&#8221;top&#8221; title_color=&#8221;#000000&#8243;]Atuar com agilidade na busca e entrega da pe\u00e7a solicitada no prazo combinado.[\/mk_icon_box][\/vc_column][vc_column width=&#8221;1\/3&#8243;][mk_padding_divider][mk_icon_box icon=&#8221;mk-li-settings&#8221; title=&#8221;Vis\u00e3o&#8221; font_weight=&#8221;bold&#8221; style=&#8221;simple_ultimate&#8221; icon_size=&#8221;medium&#8221; icon_location=&#8221;top&#8221; title_color=&#8221;#000000&#8243;]Ser referencia na busca e fornecimento de pe\u00e7as para m\u00e1quinas pesadas.[\/mk_icon_box][\/vc_column][vc_column width=&#8221;1\/3&#8243;][mk_padding_divider][mk_icon_box icon=&#8221;mk-li-users&#8221; title=&#8221;Valores&#8221; font_weight=&#8221;bold&#8221; style=&#8221;simple_ultimate&#8221; icon_size=&#8221;medium&#8221; icon_location=&#8221;top&#8221; title_color=&#8221;#000000&#8243;]Experi\u00eancia, confian\u00e7a, versatilidades e pioneirismo.[\/mk_icon_box][\/vc_column][\/vc_row][vc_row fullwidth=&#8221;true&#8221; fullwidth_content=&#8221;false&#8221; css=&#8221;.vc_custom_1715805678075{background-image: url(https:\/\/www.makipecassm.com.br\/wp-content\/uploads\/2024\/05\/ban4.png?id=212) !important;background-position: center !important;background-repeat: no-repeat !important;background-size: cover !important;}&#8221;][vc_column][mk_padding_divider size=&#8221;150&#8243;][mk_fancy_title color=&#8221;#ffffff&#8221; size=&#8221;25&#8243; font_weight=&#8221;bolder&#8221; font_style=&#8221;normal&#8221; txt_transform=&#8221;uppercase&#8221; margin_bottom=&#8221;5&#8243; font_family=&#8221;none&#8221;]Pe\u00e7as Raras[\/mk_fancy_title][mk_fancy_title color=&#8221;#ffffff&#8221; size=&#8221;20&#8243; font_weight=&#8221;bolder&#8221; font_style=&#8221;normal&#8221; txt_transform=&#8221;uppercase&#8221; margin_bottom=&#8221;5&#8243; font_family=&#8221;none&#8221;]Encontre as pe\u00e7as<br \/>\nmais dif\u00edceis do mercado.[\/mk_fancy_title][mk_button dimension=&#8221;flat&#8221; icon=&#8221;mk-li-comments&#8221; url=&#8221;https:\/\/wa.me\/555596724499?text=%F0%9F%91%8B%20Ol%C3%A1!%20Seja%20muito%20bem-vindo(a)%20%C3%A0%20Maki%20Pe%C3%A7as!%20%F0%9F%9A%9C%0A%0AAqui%20voc%C3%AA%20encontra%20pe%C3%A7as%20e%20acess%C3%B3rios%20para%20escavadeiras%20e%20retroescavadeiras,%20com%20qualidade,%20agilidade%20e%20o%20melhor%20atendimento.%0A%F0%9F%92%AC%20Envie%20sua%20mensagem%20e%20nossa%20equipe%20vai%20te%20ajudar%20a%20encontrar%20exatamente%20o%20que%20voc%C3%AA%20precisa!&#8221; target=&#8221;_blank&#8221;]Solicite sua cota\u00e7\u00e3o pelo whatsapp[\/mk_button][mk_padding_divider size=&#8221;150&#8243;][\/vc_column][\/vc_row][vc_row fullwidth=&#8221;true&#8221; fullwidth_content=&#8221;false&#8221; css=&#8221;.vc_custom_1714423517893{padding-top: 50px !important;background-color: #ededed !important;}&#8221;][vc_column width=&#8221;1\/4&#8243;][mk_icon_box icon=&#8221;mk-moon-truck&#8221; title=&#8221;Entregas para todo o Brasil.&#8221; font_weight=&#8221;bold&#8221; style=&#8221;simple_ultimate&#8221; title_color=&#8221;#000000&#8243;][\/mk_icon_box][\/vc_column][vc_column width=&#8221;1\/4&#8243;][mk_icon_box icon=&#8221;mk-moon-tag-3&#8243; title=&#8221;Produtos com descontos incr\u00edveis.&#8221; font_weight=&#8221;bold&#8221; style=&#8221;simple_ultimate&#8221; title_color=&#8221;#000000&#8243;][\/mk_icon_box][\/vc_column][vc_column width=&#8221;1\/4&#8243;][mk_icon_box icon=&#8221;mk-moon-shield&#8221; title=&#8221;Compra segura e com garantia.&#8221; font_weight=&#8221;bold&#8221; style=&#8221;simple_ultimate&#8221; title_color=&#8221;#000000&#8243;][\/mk_icon_box][\/vc_column][vc_column width=&#8221;1\/4&#8243;][mk_icon_box icon=&#8221;mk-moon-box&#8221; title=&#8221;Retire seu produto em nossa loja.&#8221; font_weight=&#8221;bold&#8221; style=&#8221;simple_ultimate&#8221; title_color=&#8221;#000000&#8243;][\/mk_icon_box][\/vc_column][\/vc_row][vc_row bg_type=&#8221;bg_color&#8221; css=&#8221;.vc_custom_1760993507941{border-bottom-width: 100px !important;padding-top: 100px !important;}&#8221;][vc_column][mk_fancy_title color=&#8221;#f58634&#8243; size=&#8221;22&#8243; txt_transform=&#8221;uppercase&#8221; margin_bottom=&#8221;5&#8243; font_family=&#8221;none&#8221; align=&#8221;center&#8221;]TRABALHAMOS COM <strong>TODAS AS MARCAS<\/strong> DO MERCADO<br \/>\nDE MAQUINAS PESADAS.[\/mk_fancy_title]<div id=\"lvca-carousel-69df8a11b30d5\" class=\"lvca-carousel lvca-container\" data-settings='{\"arrows\":\"yes\",\"dots\":\"\",\"autoplay\":\"yes\",\"autoplay_speed\":\"3000\",\"animation_speed\":\"300\",\"pause_on_hover\":\"\",\"display_columns\":\"5\",\"scroll_columns\":\"1\",\"gutter\":1,\"tablet_display_columns\":\"2\",\"tablet_scroll_columns\":\"2\",\"tablet_gutter\":10,\"tablet_width\":\"800\",\"mobile_display_columns\":\"1\",\"mobile_scroll_columns\":\"1\",\"mobile_gutter\":10,\"mobile_width\":\"480\"}'><div class=\"lvca-carousel-item\"><img loading=\"lazy\" decoding=\"async\" class=\"alignnone size-full wp-image-390\" src=\"https:\/\/www.makipecassm.com.br\/wp-content\/uploads\/2025\/10\/terex.png\" alt=\"\" width=\"166\" height=\"113\" \/><\/div><!-- .lvca-carousel-item --><div class=\"lvca-carousel-item\"><img loading=\"lazy\" decoding=\"async\" class=\"alignnone wp-image-389 size-full\" src=\"https:\/\/www.makipecassm.com.br\/wp-content\/uploads\/2025\/10\/botcat.png\" alt=\"\" width=\"166\" height=\"113\" srcset=\"https:\/\/www.makipecassm.com.br\/wp-content\/uploads\/2025\/10\/botcat.png 166w, https:\/\/www.makipecassm.com.br\/wp-content\/uploads\/2025\/10\/botcat-600x408.png 600w\" sizes=\"auto, (max-width: 166px) 85vw, 166px\" \/><\/div><!-- .lvca-carousel-item --><div class=\"lvca-carousel-item\"><img loading=\"lazy\" decoding=\"async\" class=\"alignnone size-full wp-image-387\" src=\"https:\/\/www.makipecassm.com.br\/wp-content\/uploads\/2025\/10\/11.png\" alt=\"\" width=\"166\" height=\"113\" \/><\/div><!-- .lvca-carousel-item --><div class=\"lvca-carousel-item\"><img loading=\"lazy\" decoding=\"async\" class=\"alignnone wp-image-439 size-full\" src=\"https:\/\/www.makipecassm.com.br\/wp-content\/uploads\/2025\/10\/xcmg-logo-png_seeklogo-484579-e1761066797714.png\" alt=\"\" width=\"166\" height=\"133\" \/><\/div><!-- .lvca-carousel-item --><div class=\"lvca-carousel-item\"><img loading=\"lazy\" decoding=\"async\" class=\"alignnone size-full wp-image-386\" src=\"https:\/\/www.makipecassm.com.br\/wp-content\/uploads\/2025\/10\/10.png\" alt=\"\" width=\"166\" height=\"113\" \/><\/div><!-- .lvca-carousel-item --><div class=\"lvca-carousel-item\"><img loading=\"lazy\" decoding=\"async\" class=\"alignnone size-full wp-image-388\" src=\"https:\/\/www.makipecassm.com.br\/wp-content\/uploads\/2025\/10\/12.png\" alt=\"\" width=\"166\" height=\"113\" \/><\/div><!-- .lvca-carousel-item --><div class=\"lvca-carousel-item\"><img loading=\"lazy\" decoding=\"async\" class=\"alignnone size-full wp-image-385\" src=\"https:\/\/www.makipecassm.com.br\/wp-content\/uploads\/2025\/10\/9.png\" alt=\"\" width=\"166\" height=\"113\" \/><\/div><!-- .lvca-carousel-item --><div class=\"lvca-carousel-item\"><img loading=\"lazy\" decoding=\"async\" class=\"alignnone size-full wp-image-384\" src=\"https:\/\/www.makipecassm.com.br\/wp-content\/uploads\/2025\/10\/8.png\" alt=\"\" width=\"166\" height=\"113\" \/><\/div><!-- .lvca-carousel-item --><div class=\"lvca-carousel-item\"><img loading=\"lazy\" decoding=\"async\" class=\"alignnone size-full wp-image-383\" src=\"https:\/\/www.makipecassm.com.br\/wp-content\/uploads\/2025\/10\/7.png\" alt=\"\" width=\"166\" height=\"113\" \/><\/div><!-- .lvca-carousel-item --><div class=\"lvca-carousel-item\"><img loading=\"lazy\" decoding=\"async\" class=\"alignnone size-full wp-image-382\" src=\"https:\/\/www.makipecassm.com.br\/wp-content\/uploads\/2025\/10\/6.png\" alt=\"\" width=\"166\" height=\"113\" \/><\/div><!-- .lvca-carousel-item --><div class=\"lvca-carousel-item\"><img loading=\"lazy\" decoding=\"async\" class=\"alignnone size-full wp-image-380\" src=\"https:\/\/www.makipecassm.com.br\/wp-content\/uploads\/2025\/10\/4.png\" alt=\"\" width=\"166\" height=\"113\" \/><\/div><!-- .lvca-carousel-item --><div class=\"lvca-carousel-item\"><img loading=\"lazy\" decoding=\"async\" class=\"alignnone size-full wp-image-379\" src=\"https:\/\/www.makipecassm.com.br\/wp-content\/uploads\/2025\/10\/3.png\" alt=\"\" width=\"166\" height=\"113\" \/><\/div><!-- .lvca-carousel-item --><div class=\"lvca-carousel-item\"><img loading=\"lazy\" decoding=\"async\" class=\"alignnone size-full wp-image-378\" src=\"https:\/\/www.makipecassm.com.br\/wp-content\/uploads\/2025\/10\/2.png\" alt=\"\" width=\"166\" height=\"113\" \/><\/div><!-- .lvca-carousel-item --><div class=\"lvca-carousel-item\"><img loading=\"lazy\" decoding=\"async\" class=\"alignnone size-full wp-image-381\" src=\"https:\/\/www.makipecassm.com.br\/wp-content\/uploads\/2025\/10\/5.png\" alt=\"\" width=\"166\" height=\"113\" \/><\/div><!-- .lvca-carousel-item --><div class=\"lvca-carousel-item\"><img loading=\"lazy\" decoding=\"async\" class=\"alignnone size-full wp-image-377\" src=\"https:\/\/www.makipecassm.com.br\/wp-content\/uploads\/2025\/10\/1.png\" alt=\"\" width=\"166\" height=\"113\" \/><\/div><!-- .lvca-carousel-item --><\/div><!-- .lvca-carousel -->\n        <style type=\"text\/css\">\n            #lvca-carousel-69df8a11b30d5.lvca-carousel .lvca-carousel-item {\n                padding: 1px;\n            }\n\n            @media screen and (max-width: 800) {\n                #lvca-carousel-69df8a11b30d5.lvca-carousel .lvca-carousel-item {\n                    padding: 10px;\n                }\n            }\n\n            @media screen and (max-width: 480) {\n                #lvca-carousel-69df8a11b30d5.lvca-carousel .lvca-carousel-item {\n                    padding: 10px;\n                }\n            }\n        <\/style>\n\n        [\/vc_column][\/vc_row][mk_page_section bg_image=&#8221;https:\/\/www.makipecassm.com.br\/wp-content\/uploads\/2025\/10\/RE2.png&#8221; bg_position=&#8221;center center&#8221; bg_stretch=&#8221;true&#8221; enable_3d=&#8221;true&#8221; video_mask=&#8221;true&#8221; video_color_mask=&#8221;#000000&#8243; video_opacity=&#8221;0.3&#8243; sidebar=&#8221;sidebar-1&#8243;][vc_column width=&#8221;1\/2&#8243;][mk_fancy_title color=&#8221;#ffffff&#8221; size=&#8221;25&#8243; font_style=&#8221;normal&#8221; txt_transform=&#8221;uppercase&#8221; margin_top=&#8221;80&#8243; font_family=&#8221;none&#8221;]Retire seu produto<br \/>\nem <strong>nossa loja.<\/strong>[\/mk_fancy_title][vc_column_text margin_bottom=&#8221;30&#8243;]<span style=\"color: #ffffff;\">Como estamos localizados em um<\/span><br \/>\n<span style=\"color: #ffffff;\">dos principais acessos de Santa Maria-RS<\/span><br \/>\n<span style=\"color: #ffffff;\">Oferecemos aos nossos clientes a retirada<\/span><br \/>\n<span style=\"color: #ffffff;\">das suas compras em nossa loja f\u00edsica.<\/span>[\/vc_column_text][mk_button dimension=&#8221;flat&#8221; size=&#8221;large&#8221; url=&#8221;https:\/\/www.makipecassm.com.br\/?page_id=70&#8243; bg_color=&#8221;#c36639&#8243; btn_hover_bg=&#8221;#955335&#8243; btn_hover_txt_color=&#8221;#ffffff&#8221;]Saiba como chegar[\/mk_button][mk_padding_divider][\/vc_column][vc_column width=&#8221;1\/2&#8243;][\/vc_column][\/mk_page_section][vc_row css=&#8221;.vc_custom_1761589174050{padding-top: 100px !important;padding-bottom: 100px !important;}&#8221;][vc_column][mk_fancy_title color=&#8221;#f58634&#8243; size=&#8221;22&#8243; font_style=&#8221;normal&#8221; txt_transform=&#8221;uppercase&#8221; margin_bottom=&#8221;5&#8243; font_family=&#8221;none&#8221; align=&#8221;center&#8221;]INFORMA\u00c7\u00d5ES E NOVIDADES DO SETOR DE <strong>M\u00c1QUINAS PESADAS.<\/strong>[\/mk_fancy_title][mk_blog style=&#8221;grid&#8221; column=&#8221;4&#8243; grid_image_height=&#8221;150&#8243; count=&#8221;4&#8243; cat=&#8221;17&#8243; excerpt_length=&#8221;0&#8243;][\/vc_column][\/vc_row]\n","protected":false},"excerpt":{"rendered":"<p>[vc_row][vc_column width=&#8221;2\/3&#8243;][mk_padding_divider][mk_fancy_title color=&#8221;#f58634&#8243; size=&#8221;22&#8243; txt_transform=&#8221;uppercase&#8221; margin_bottom=&#8221;5&#8243; font_family=&#8221;none&#8221;]MAKI PE\u00c7AS H\u00c1 40 ANOS SUA PARCERIA EM PE\u00c7AS PARA MAQUINAS PESADAS.[\/mk_fancy_title][vc_column_text] A empresa Maki Com. De Pe\u00e7as P\/ Ve\u00edculos Ltda foi fundada em 1986 por Mario Kienetz na BR 287, em Santa Maria &#8211; RS. Ap\u00f3s 24 anos, foi vendida para o atual dono Domingos J\u00fanior R\u00e9quia, que, [&hellip;]<\/p>\n","protected":false},"author":1,"featured_media":0,"parent":0,"menu_order":0,"comment_status":"closed","ping_status":"closed","template":"","meta":{"footnotes":""},"class_list":["post-63","page","type-page","status-publish","hentry"],"_links":{"self":[{"href":"https:\/\/www.makipecassm.com.br\/index.php?rest_route=\/wp\/v2\/pages\/63","targetHints":{"allow":["GET"]}}],"collection":[{"href":"https:\/\/www.makipecassm.com.br\/index.php?rest_route=\/wp\/v2\/pages"}],"about":[{"href":"https:\/\/www.makipecassm.com.br\/index.php?rest_route=\/wp\/v2\/types\/page"}],"author":[{"embeddable":true,"href":"https:\/\/www.makipecassm.com.br\/index.php?rest_route=\/wp\/v2\/users\/1"}],"replies":[{"embeddable":true,"href":"https:\/\/www.makipecassm.com.br\/index.php?rest_route=%2Fwp%2Fv2%2Fcomments&post=63"}],"version-history":[{"count":46,"href":"https:\/\/www.makipecassm.com.br\/index.php?rest_route=\/wp\/v2\/pages\/63\/revisions"}],"predecessor-version":[{"id":568,"href":"https:\/\/www.makipecassm.com.br\/index.php?rest_route=\/wp\/v2\/pages\/63\/revisions\/568"}],"wp:attachment":[{"href":"https:\/\/www.makipecassm.com.br\/index.php?rest_route=%2Fwp%2Fv2%2Fmedia&parent=63"}],"curies":[{"name":"wp","href":"https:\/\/api.w.org\/{rel}","templated":true}]}}